{"id":42,"date":"2020-04-01T14:26:54","date_gmt":"2020-04-01T14:26:54","guid":{"rendered":"http:\/\/neuewebsite.mensa-copy.de\/?page_id=42"},"modified":"2023-03-30T12:46:07","modified_gmt":"2023-03-30T12:46:07","slug":"skripte-unifh","status":"publish","type":"page","link":"http:\/\/neuewebsite.mensa-copy.de\/?page_id=42","title":{"rendered":"Skripte Uni+FH"},"content":{"rendered":"\n<p>Bei uns k\u00f6nnt Ihr alle Skripte der Professoren der <strong>Uni und FH M\u00fcnster<\/strong> im SB-Service ausdrucken.<\/p>\n\n\n\n<p>Hierf\u00fcr stehen Euch <strong>5 Kundenarbeitspl\u00e4tze<\/strong> mit <strong>Interzugang<\/strong> zur Verf\u00fcgung mit denen Ihr nach Eingabe Eurer Zugangsberechtigung Zugriff auf die ver\u00f6ffentlichten Skripte der Professoren habt. Ihr k\u00f6nnt die zu druckenden Dateien nat\u00fcrlich auch auf einem <strong>USB-Stick<\/strong> mitbringen.<\/p>\n\n\n\n<p><\/p>\n\n\n<div class=\"wp-block-image\">\n<figure class=\"aligncenter is-resized\"><img decoding=\"async\" loading=\"lazy\" src=\"http:\/\/neuewebsite.mensa-copy.de\/wp-content\/uploads\/2020\/04\/arbeitsplatz-1024x560.jpg\" alt=\"\" class=\"wp-image-43\" width=\"750\" height=\"409\" srcset=\"http:\/\/neuewebsite.mensa-copy.de\/wp-content\/uploads\/2020\/04\/arbeitsplatz-1024x560.jpg 1024w, http:\/\/neuewebsite.mensa-copy.de\/wp-content\/uploads\/2020\/04\/arbeitsplatz-300x164.jpg 300w, http:\/\/neuewebsite.mensa-copy.de\/wp-content\/uploads\/2020\/04\/arbeitsplatz-768x420.jpg 768w, http:\/\/neuewebsite.mensa-copy.de\/wp-content\/uploads\/2020\/04\/arbeitsplatz.jpg 1996w\" sizes=\"(max-width: 750px) 100vw, 750px\" \/><\/figure><\/div>\n\n\n<p><\/p>\n\n\n\n<p>Die dort angeschlossenen Ger\u00e4te drucken Eure Skripte mit bis zu <strong>95 Seiten\/min<\/strong>.<\/p>\n\n\n\n<p>Um die <strong>Druckkosten\nniedrig<\/strong> zu halten, empfehlen wir Euch den Kauf eines <strong>Copy-Schecks<\/strong>.<\/p>\n\n\n\n<p>Dieser kostet <strong>18,50 \u20ac<\/strong> und Ihr erwerbt hiermit ein <strong>Guthaben von 500 s\/w-Kopien<\/strong>.<\/p>\n\n\n\n<p>Ihr bezahlt also nur <strong>3,7 Cent pro s\/w-Kopie<\/strong> und somit weniger als an den Kopierer in den Instituten oder der UB und dem Rechenzentrum.<\/p>\n\n\n\n<p>Unsere Copy-Schecks sind zeitlich <strong>unbegrenzt g\u00fcltig<\/strong>.<\/p>\n\n\n\n<p><strong><em>Alternativ versenden wir auch die Skripte mit DHL als Paket<\/em><\/strong>; bei Bestellungen bis 500 Kopien versenden wir als Paket mit Sendungsnummer f\u00fcr 5,49 \u20ac, \u00fcber 500 Kopien f\u00fcr 6,49 \u20ac.\n\n<\/p>\n","protected":false},"excerpt":{"rendered":"<p>Bei uns k\u00f6nnt Ihr alle Skripte der Professoren der Uni und FH M\u00fcnster im SB-Service ausdrucken. Hierf\u00fcr stehen Euch 5 Kundenarbeitspl\u00e4tze mit Interzugang zur Verf\u00fcgung mit denen Ihr nach Eingabe Eurer Zugangsberechtigung Zugriff auf die ver\u00f6ffentlichten Skripte der Professoren habt. Ihr k\u00f6nnt die zu druckenden Dateien nat\u00fcrlich auch auf einem USB-Stick mitbringen. Die dort angeschlossenen <a class=\"read-more\" href=\"http:\/\/neuewebsite.mensa-copy.de\/?page_id=42\">READ MORE<\/a><\/p>\n","protected":false},"author":1,"featured_media":0,"parent":0,"menu_order":7,"comment_status":"closed","ping_status":"closed","template":"","meta":{"footnotes":""},"yoast_head":"<!-- This site is optimized with the Yoast SEO plugin v21.2 - https:\/\/yoast.com\/wordpress\/plugins\/seo\/ -->\n<title>Skripte Uni+FH - Mensa-Copy<\/title>\n<meta name=\"robots\" content=\"index, follow, max-snippet:-1, max-image-preview:large, max-video-preview:-1\" \/>\n<link rel=\"canonical\" href=\"http:\/\/neuewebsite.mensa-copy.de\/?page_id=42\" \/>\n<meta property=\"og:locale\" content=\"de_DE\" \/>\n<meta property=\"og:type\" content=\"article\" \/>\n<meta property=\"og:title\" content=\"Skripte Uni+FH - Mensa-Copy\" \/>\n<meta property=\"og:description\" content=\"Bei uns k\u00f6nnt Ihr alle Skripte der Professoren der Uni und FH M\u00fcnster im SB-Service ausdrucken. Hierf\u00fcr stehen Euch 5 Kundenarbeitspl\u00e4tze mit Interzugang zur Verf\u00fcgung mit denen Ihr nach Eingabe Eurer Zugangsberechtigung Zugriff auf die ver\u00f6ffentlichten Skripte der Professoren habt. Ihr k\u00f6nnt die zu druckenden Dateien nat\u00fcrlich auch auf einem USB-Stick mitbringen. Die dort angeschlossenen READ MORE\" \/>\n<meta property=\"og:url\" content=\"http:\/\/neuewebsite.mensa-copy.de\/?page_id=42\" \/>\n<meta property=\"og:site_name\" content=\"Mensa-Copy\" \/>\n<meta property=\"article:modified_time\" content=\"2023-03-30T12:46:07+00:00\" \/>\n<meta property=\"og:image\" content=\"http:\/\/neuewebsite.mensa-copy.de\/wp-content\/uploads\/2020\/04\/arbeitsplatz-1024x560.jpg\" \/>\n<meta name=\"twitter:card\" content=\"summary_large_image\" \/>\n<meta name=\"twitter:label1\" content=\"Gesch\u00e4tzte Lesezeit\" \/>\n\t<meta name=\"twitter:data1\" content=\"1\u00a0Minute\" \/>\n<script type=\"application\/ld+json\" class=\"yoast-schema-graph\">{\"@context\":\"https:\/\/schema.org\",\"@graph\":[{\"@type\":\"WebPage\",\"@id\":\"http:\/\/neuewebsite.mensa-copy.de\/?page_id=42\",\"url\":\"http:\/\/neuewebsite.mensa-copy.de\/?page_id=42\",\"name\":\"Skripte Uni+FH - Mensa-Copy\",\"isPartOf\":{\"@id\":\"http:\/\/neuewebsite.mensa-copy.de\/#website\"},\"datePublished\":\"2020-04-01T14:26:54+00:00\",\"dateModified\":\"2023-03-30T12:46:07+00:00\",\"breadcrumb\":{\"@id\":\"http:\/\/neuewebsite.mensa-copy.de\/?page_id=42#breadcrumb\"},\"inLanguage\":\"de\",\"potentialAction\":[{\"@type\":\"ReadAction\",\"target\":[\"http:\/\/neuewebsite.mensa-copy.de\/?page_id=42\"]}]},{\"@type\":\"BreadcrumbList\",\"@id\":\"http:\/\/neuewebsite.mensa-copy.de\/?page_id=42#breadcrumb\",\"itemListElement\":[{\"@type\":\"ListItem\",\"position\":1,\"name\":\"Startseite\",\"item\":\"http:\/\/neuewebsite.mensa-copy.de\/\"},{\"@type\":\"ListItem\",\"position\":2,\"name\":\"Skripte Uni+FH\"}]},{\"@type\":\"WebSite\",\"@id\":\"http:\/\/neuewebsite.mensa-copy.de\/#website\",\"url\":\"http:\/\/neuewebsite.mensa-copy.de\/\",\"name\":\"Mensa-Copy\",\"description\":\"- der freundliche Copyshop mit dem umfassenden Dienstleistungsangebot -\",\"potentialAction\":[{\"@type\":\"SearchAction\",\"target\":{\"@type\":\"EntryPoint\",\"urlTemplate\":\"http:\/\/neuewebsite.mensa-copy.de\/?s={search_term_string}\"},\"query-input\":\"required name=search_term_string\"}],\"inLanguage\":\"de\"}]}<\/script>\n<!-- \/ Yoast SEO plugin. -->","yoast_head_json":{"title":"Skripte Uni+FH - Mensa-Copy","robots":{"index":"index","follow":"follow","max-snippet":"max-snippet:-1","max-image-preview":"max-image-preview:large","max-video-preview":"max-video-preview:-1"},"canonical":"http:\/\/neuewebsite.mensa-copy.de\/?page_id=42","og_locale":"de_DE","og_type":"article","og_title":"Skripte Uni+FH - Mensa-Copy","og_description":"Bei uns k\u00f6nnt Ihr alle Skripte der Professoren der Uni und FH M\u00fcnster im SB-Service ausdrucken. Hierf\u00fcr stehen Euch 5 Kundenarbeitspl\u00e4tze mit Interzugang zur Verf\u00fcgung mit denen Ihr nach Eingabe Eurer Zugangsberechtigung Zugriff auf die ver\u00f6ffentlichten Skripte der Professoren habt. Ihr k\u00f6nnt die zu druckenden Dateien nat\u00fcrlich auch auf einem USB-Stick mitbringen. Die dort angeschlossenen READ MORE","og_url":"http:\/\/neuewebsite.mensa-copy.de\/?page_id=42","og_site_name":"Mensa-Copy","article_modified_time":"2023-03-30T12:46:07+00:00","og_image":[{"url":"http:\/\/neuewebsite.mensa-copy.de\/wp-content\/uploads\/2020\/04\/arbeitsplatz-1024x560.jpg"}],"twitter_card":"summary_large_image","twitter_misc":{"Gesch\u00e4tzte Lesezeit":"1\u00a0Minute"},"schema":{"@context":"https:\/\/schema.org","@graph":[{"@type":"WebPage","@id":"http:\/\/neuewebsite.mensa-copy.de\/?page_id=42","url":"http:\/\/neuewebsite.mensa-copy.de\/?page_id=42","name":"Skripte Uni+FH - Mensa-Copy","isPartOf":{"@id":"http:\/\/neuewebsite.mensa-copy.de\/#website"},"datePublished":"2020-04-01T14:26:54+00:00","dateModified":"2023-03-30T12:46:07+00:00","breadcrumb":{"@id":"http:\/\/neuewebsite.mensa-copy.de\/?page_id=42#breadcrumb"},"inLanguage":"de","potentialAction":[{"@type":"ReadAction","target":["http:\/\/neuewebsite.mensa-copy.de\/?page_id=42"]}]},{"@type":"BreadcrumbList","@id":"http:\/\/neuewebsite.mensa-copy.de\/?page_id=42#breadcrumb","itemListElement":[{"@type":"ListItem","position":1,"name":"Startseite","item":"http:\/\/neuewebsite.mensa-copy.de\/"},{"@type":"ListItem","position":2,"name":"Skripte Uni+FH"}]},{"@type":"WebSite","@id":"http:\/\/neuewebsite.mensa-copy.de\/#website","url":"http:\/\/neuewebsite.mensa-copy.de\/","name":"Mensa-Copy","description":"- der freundliche Copyshop mit dem umfassenden Dienstleistungsangebot -","potentialAction":[{"@type":"SearchAction","target":{"@type":"EntryPoint","urlTemplate":"http:\/\/neuewebsite.mensa-copy.de\/?s={search_term_string}"},"query-input":"required name=search_term_string"}],"inLanguage":"de"}]}},"_links":{"self":[{"href":"http:\/\/neuewebsite.mensa-copy.de\/index.php?rest_route=\/wp\/v2\/pages\/42"}],"collection":[{"href":"http:\/\/neuewebsite.mensa-copy.de\/index.php?rest_route=\/wp\/v2\/pages"}],"about":[{"href":"http:\/\/neuewebsite.mensa-copy.de\/index.php?rest_route=\/wp\/v2\/types\/page"}],"author":[{"embeddable":true,"href":"http:\/\/neuewebsite.mensa-copy.de\/index.php?rest_route=\/wp\/v2\/users\/1"}],"replies":[{"embeddable":true,"href":"http:\/\/neuewebsite.mensa-copy.de\/index.php?rest_route=%2Fwp%2Fv2%2Fcomments&post=42"}],"version-history":[{"count":5,"href":"http:\/\/neuewebsite.mensa-copy.de\/index.php?rest_route=\/wp\/v2\/pages\/42\/revisions"}],"predecessor-version":[{"id":910,"href":"http:\/\/neuewebsite.mensa-copy.de\/index.php?rest_route=\/wp\/v2\/pages\/42\/revisions\/910"}],"wp:attachment":[{"href":"http:\/\/neuewebsite.mensa-copy.de\/index.php?rest_route=%2Fwp%2Fv2%2Fmedia&parent=42"}],"curies":[{"name":"wp","href":"https:\/\/api.w.org\/{rel}","templated":true}]}}