{"id":33,"date":"2020-04-01T14:19:56","date_gmt":"2020-04-01T14:19:56","guid":{"rendered":"http:\/\/neuewebsite.mensa-copy.de\/?page_id=33"},"modified":"2023-01-16T12:38:48","modified_gmt":"2023-01-16T12:38:48","slug":"bindungen","status":"publish","type":"page","link":"http:\/\/neuewebsite.mensa-copy.de\/?page_id=33","title":{"rendered":"Bindungen"},"content":{"rendered":"\n<p>Unser Team bietet Ihnen eine Vielzahl\nverschiedener Bindearten und Bindedeckeln an.<\/p>\n\n\n\n<p>Das Sortiment umfasst 11 verschiedene Farben an 250g-Lederstrukturpappen und dokumentenechter Folien in einer St\u00e4rke von 0,2 mm. <\/p>\n\n\n<div class=\"wp-block-image\">\n<figure class=\"aligncenter size-large is-resized\"><img decoding=\"async\" loading=\"lazy\" src=\"http:\/\/neuewebsite.mensa-copy.de\/wp-content\/uploads\/2023\/01\/Pappenneu-16012023-1024x658.jpg\" alt=\"\" class=\"wp-image-894\" width=\"770\" height=\"494\" srcset=\"http:\/\/neuewebsite.mensa-copy.de\/wp-content\/uploads\/2023\/01\/Pappenneu-16012023-1024x658.jpg 1024w, http:\/\/neuewebsite.mensa-copy.de\/wp-content\/uploads\/2023\/01\/Pappenneu-16012023-300x193.jpg 300w, http:\/\/neuewebsite.mensa-copy.de\/wp-content\/uploads\/2023\/01\/Pappenneu-16012023-768x493.jpg 768w, http:\/\/neuewebsite.mensa-copy.de\/wp-content\/uploads\/2023\/01\/Pappenneu-16012023.jpg 1498w\" sizes=\"(max-width: 770px) 100vw, 770px\" \/><\/figure><\/div>\n\n\n<p><strong>Thermobindung<\/strong><strong> <\/strong><em>unsere Empfehlung f\u00fcr\nAbschlussarbeiten und Dissertationen<\/em><strong><\/strong><\/p>\n\n\n\n<p>Bei dieser Bindeart werden die\nVorlagen mit Hilfe eines aussenliegenden Klebestreifens verleimt. Es handelt\nsich um eine <strong>Softcover-Buchbindung<\/strong>,\nbei der Sie sich die Deckel f\u00fcr Vorder- und R\u00fcckseite aus unserem Sortiment\nausw\u00e4hlen k\u00f6nnen<strong>.<\/strong><\/p>\n\n\n\n<p>Optional bedrucken wir Ihnen die\nBindedeckel mit Ihrem Titelblatt in Farbe oder s\/w.<\/p>\n\n\n\n<p>Der maximale Umfang einer\nThermobindung betr\u00e4gt 300 Blatt bei 80g-Papier.<\/p>\n\n\n\n<p>Unsere Thermobindung entsprechen den Anforderungen der Pr\u00fcfungs\u00e4mter der WWU und der FH M\u00fcnster.<\/p>\n\n\n<div class=\"wp-block-image\">\n<figure class=\"aligncenter is-resized\"><img decoding=\"async\" loading=\"lazy\" src=\"http:\/\/neuewebsite.mensa-copy.de\/wp-content\/uploads\/2020\/04\/klebebindung-1-1024x582.jpg\" alt=\"\" class=\"wp-image-35\" width=\"751\" height=\"426\" srcset=\"http:\/\/neuewebsite.mensa-copy.de\/wp-content\/uploads\/2020\/04\/klebebindung-1-1024x582.jpg 1024w, http:\/\/neuewebsite.mensa-copy.de\/wp-content\/uploads\/2020\/04\/klebebindung-1-300x171.jpg 300w, http:\/\/neuewebsite.mensa-copy.de\/wp-content\/uploads\/2020\/04\/klebebindung-1-768x437.jpg 768w\" sizes=\"(max-width: 751px) 100vw, 751px\" \/><figcaption>Klebebindungen<\/figcaption><\/figure><\/div>\n\n\n<p><\/p>\n\n\n\n<p><strong>Hardcoverbindung<\/strong><\/p>\n\n\n\n<p>Bei\ndieser Bindeart werden die Vorlagen geleimt und anschlie\u00dfend in einen festen\nBuchumschlag befestigt.<\/p>\n\n\n\n<p>Der maximale Umfang einer\nHardcoverbindung betr\u00e4gt 300 Blatt bei 80g-Papier.<\/p>\n\n\n\n<p>Optional bedrucken wir Ihnen die\nBuchdeckel mit Ihrem Titelblatt in wei\u00df, silber oder gold.<\/p>\n\n\n\n<p>Die Buchdeckel gibt es in schwarz, dunkelblau oder dunkelrot.<\/p>\n\n\n\n<p><\/p>\n\n\n<div class=\"wp-block-image\">\n<figure class=\"aligncenter is-resized\"><img decoding=\"async\" loading=\"lazy\" src=\"http:\/\/neuewebsite.mensa-copy.de\/wp-content\/uploads\/2020\/04\/hardcover.jpg\" alt=\"\" class=\"wp-image-36\" width=\"632\" height=\"421\"\/><figcaption>Hardcoverbindung<\/figcaption><\/figure><\/div>\n\n\n<p><\/p>\n\n\n\n<p><strong>Spiralbindung<\/strong> <em>unsere\nEmpfehlung f\u00fcr Skripte, Handb\u00fccher, Arbeitshefte<\/em><\/p>\n\n\n\n<p>Bei dieser Bindeart werden die\nVorlagen gestanzt und anschlie\u00dfend in eine Plastikspirale eingebunden. Diese\nBindevariante hat den Vorteil, dass sie jederzeit <strong>wieder ge\u00f6ffnet<\/strong> werden kann, um Seiten auszutauschen oder zu\nerg\u00e4nzen.<\/p>\n\n\n\n<p>Der maximale Umfang einer\nSpiralbindung betr\u00e4gt 400 Blatt bei 80g-Papier.<\/p>\n\n\n\n<p>Alternativ erhalten Sie bei uns auch Spiralbindungen mit <strong>Drahtspiralen<\/strong>, sowie <strong>Kalenderbindungen<\/strong> bei denen Sie die Bl\u00e4tter vollst\u00e4ndig umklappen k\u00f6nnen.<\/p>\n\n\n\n<p><\/p>\n\n\n<div class=\"wp-block-image\">\n<figure class=\"aligncenter is-resized\"><img decoding=\"async\" loading=\"lazy\" src=\"http:\/\/neuewebsite.mensa-copy.de\/wp-content\/uploads\/2020\/04\/spiralbindung-1024x608.jpg\" alt=\"\" class=\"wp-image-37\" width=\"722\" height=\"429\" srcset=\"http:\/\/neuewebsite.mensa-copy.de\/wp-content\/uploads\/2020\/04\/spiralbindung-1024x608.jpg 1024w, http:\/\/neuewebsite.mensa-copy.de\/wp-content\/uploads\/2020\/04\/spiralbindung-300x178.jpg 300w, http:\/\/neuewebsite.mensa-copy.de\/wp-content\/uploads\/2020\/04\/spiralbindung-768x456.jpg 768w\" sizes=\"(max-width: 722px) 100vw, 722px\" \/><figcaption>Spiralbindung<\/figcaption><\/figure><\/div>","protected":false},"excerpt":{"rendered":"<p>Unser Team bietet Ihnen eine Vielzahl verschiedener Bindearten und Bindedeckeln an. Das Sortiment umfasst 11 verschiedene Farben an 250g-Lederstrukturpappen und dokumentenechter Folien in einer St\u00e4rke von 0,2 mm. Thermobindung unsere Empfehlung f\u00fcr Abschlussarbeiten und Dissertationen Bei dieser Bindeart werden die Vorlagen mit Hilfe eines aussenliegenden Klebestreifens verleimt. Es handelt sich um eine Softcover-Buchbindung, bei der <a class=\"read-more\" href=\"http:\/\/neuewebsite.mensa-copy.de\/?page_id=33\">READ MORE<\/a><\/p>\n","protected":false},"author":1,"featured_media":0,"parent":0,"menu_order":5,"comment_status":"closed","ping_status":"closed","template":"","meta":{"footnotes":""},"yoast_head":"<!-- This site is optimized with the Yoast SEO plugin v21.2 - https:\/\/yoast.com\/wordpress\/plugins\/seo\/ -->\n<title>Bindungen - Mensa-Copy<\/title>\n<meta name=\"robots\" content=\"index, follow, max-snippet:-1, max-image-preview:large, max-video-preview:-1\" \/>\n<link rel=\"canonical\" href=\"http:\/\/neuewebsite.mensa-copy.de\/?page_id=33\" \/>\n<meta property=\"og:locale\" content=\"de_DE\" \/>\n<meta property=\"og:type\" content=\"article\" \/>\n<meta property=\"og:title\" content=\"Bindungen - Mensa-Copy\" \/>\n<meta property=\"og:description\" content=\"Unser Team bietet Ihnen eine Vielzahl verschiedener Bindearten und Bindedeckeln an. Das Sortiment umfasst 11 verschiedene Farben an 250g-Lederstrukturpappen und dokumentenechter Folien in einer St\u00e4rke von 0,2 mm. Thermobindung unsere Empfehlung f\u00fcr Abschlussarbeiten und Dissertationen Bei dieser Bindeart werden die Vorlagen mit Hilfe eines aussenliegenden Klebestreifens verleimt. Es handelt sich um eine Softcover-Buchbindung, bei der READ MORE\" \/>\n<meta property=\"og:url\" content=\"http:\/\/neuewebsite.mensa-copy.de\/?page_id=33\" \/>\n<meta property=\"og:site_name\" content=\"Mensa-Copy\" \/>\n<meta property=\"article:modified_time\" content=\"2023-01-16T12:38:48+00:00\" \/>\n<meta property=\"og:image\" content=\"http:\/\/neuewebsite.mensa-copy.de\/wp-content\/uploads\/2023\/01\/Pappenneu-16012023-1024x658.jpg\" \/>\n<meta name=\"twitter:card\" content=\"summary_large_image\" \/>\n<meta name=\"twitter:label1\" content=\"Gesch\u00e4tzte Lesezeit\" \/>\n\t<meta name=\"twitter:data1\" content=\"1\u00a0Minute\" \/>\n<script type=\"application\/ld+json\" class=\"yoast-schema-graph\">{\"@context\":\"https:\/\/schema.org\",\"@graph\":[{\"@type\":\"WebPage\",\"@id\":\"http:\/\/neuewebsite.mensa-copy.de\/?page_id=33\",\"url\":\"http:\/\/neuewebsite.mensa-copy.de\/?page_id=33\",\"name\":\"Bindungen - Mensa-Copy\",\"isPartOf\":{\"@id\":\"http:\/\/neuewebsite.mensa-copy.de\/#website\"},\"datePublished\":\"2020-04-01T14:19:56+00:00\",\"dateModified\":\"2023-01-16T12:38:48+00:00\",\"breadcrumb\":{\"@id\":\"http:\/\/neuewebsite.mensa-copy.de\/?page_id=33#breadcrumb\"},\"inLanguage\":\"de\",\"potentialAction\":[{\"@type\":\"ReadAction\",\"target\":[\"http:\/\/neuewebsite.mensa-copy.de\/?page_id=33\"]}]},{\"@type\":\"BreadcrumbList\",\"@id\":\"http:\/\/neuewebsite.mensa-copy.de\/?page_id=33#breadcrumb\",\"itemListElement\":[{\"@type\":\"ListItem\",\"position\":1,\"name\":\"Startseite\",\"item\":\"http:\/\/neuewebsite.mensa-copy.de\/\"},{\"@type\":\"ListItem\",\"position\":2,\"name\":\"Bindungen\"}]},{\"@type\":\"WebSite\",\"@id\":\"http:\/\/neuewebsite.mensa-copy.de\/#website\",\"url\":\"http:\/\/neuewebsite.mensa-copy.de\/\",\"name\":\"Mensa-Copy\",\"description\":\"- der freundliche Copyshop mit dem umfassenden Dienstleistungsangebot -\",\"potentialAction\":[{\"@type\":\"SearchAction\",\"target\":{\"@type\":\"EntryPoint\",\"urlTemplate\":\"http:\/\/neuewebsite.mensa-copy.de\/?s={search_term_string}\"},\"query-input\":\"required name=search_term_string\"}],\"inLanguage\":\"de\"}]}<\/script>\n<!-- \/ Yoast SEO plugin. -->","yoast_head_json":{"title":"Bindungen - Mensa-Copy","robots":{"index":"index","follow":"follow","max-snippet":"max-snippet:-1","max-image-preview":"max-image-preview:large","max-video-preview":"max-video-preview:-1"},"canonical":"http:\/\/neuewebsite.mensa-copy.de\/?page_id=33","og_locale":"de_DE","og_type":"article","og_title":"Bindungen - Mensa-Copy","og_description":"Unser Team bietet Ihnen eine Vielzahl verschiedener Bindearten und Bindedeckeln an. Das Sortiment umfasst 11 verschiedene Farben an 250g-Lederstrukturpappen und dokumentenechter Folien in einer St\u00e4rke von 0,2 mm. Thermobindung unsere Empfehlung f\u00fcr Abschlussarbeiten und Dissertationen Bei dieser Bindeart werden die Vorlagen mit Hilfe eines aussenliegenden Klebestreifens verleimt. Es handelt sich um eine Softcover-Buchbindung, bei der READ MORE","og_url":"http:\/\/neuewebsite.mensa-copy.de\/?page_id=33","og_site_name":"Mensa-Copy","article_modified_time":"2023-01-16T12:38:48+00:00","og_image":[{"url":"http:\/\/neuewebsite.mensa-copy.de\/wp-content\/uploads\/2023\/01\/Pappenneu-16012023-1024x658.jpg"}],"twitter_card":"summary_large_image","twitter_misc":{"Gesch\u00e4tzte Lesezeit":"1\u00a0Minute"},"schema":{"@context":"https:\/\/schema.org","@graph":[{"@type":"WebPage","@id":"http:\/\/neuewebsite.mensa-copy.de\/?page_id=33","url":"http:\/\/neuewebsite.mensa-copy.de\/?page_id=33","name":"Bindungen - Mensa-Copy","isPartOf":{"@id":"http:\/\/neuewebsite.mensa-copy.de\/#website"},"datePublished":"2020-04-01T14:19:56+00:00","dateModified":"2023-01-16T12:38:48+00:00","breadcrumb":{"@id":"http:\/\/neuewebsite.mensa-copy.de\/?page_id=33#breadcrumb"},"inLanguage":"de","potentialAction":[{"@type":"ReadAction","target":["http:\/\/neuewebsite.mensa-copy.de\/?page_id=33"]}]},{"@type":"BreadcrumbList","@id":"http:\/\/neuewebsite.mensa-copy.de\/?page_id=33#breadcrumb","itemListElement":[{"@type":"ListItem","position":1,"name":"Startseite","item":"http:\/\/neuewebsite.mensa-copy.de\/"},{"@type":"ListItem","position":2,"name":"Bindungen"}]},{"@type":"WebSite","@id":"http:\/\/neuewebsite.mensa-copy.de\/#website","url":"http:\/\/neuewebsite.mensa-copy.de\/","name":"Mensa-Copy","description":"- der freundliche Copyshop mit dem umfassenden Dienstleistungsangebot -","potentialAction":[{"@type":"SearchAction","target":{"@type":"EntryPoint","urlTemplate":"http:\/\/neuewebsite.mensa-copy.de\/?s={search_term_string}"},"query-input":"required name=search_term_string"}],"inLanguage":"de"}]}},"_links":{"self":[{"href":"http:\/\/neuewebsite.mensa-copy.de\/index.php?rest_route=\/wp\/v2\/pages\/33"}],"collection":[{"href":"http:\/\/neuewebsite.mensa-copy.de\/index.php?rest_route=\/wp\/v2\/pages"}],"about":[{"href":"http:\/\/neuewebsite.mensa-copy.de\/index.php?rest_route=\/wp\/v2\/types\/page"}],"author":[{"embeddable":true,"href":"http:\/\/neuewebsite.mensa-copy.de\/index.php?rest_route=\/wp\/v2\/users\/1"}],"replies":[{"embeddable":true,"href":"http:\/\/neuewebsite.mensa-copy.de\/index.php?rest_route=%2Fwp%2Fv2%2Fcomments&post=33"}],"version-history":[{"count":9,"href":"http:\/\/neuewebsite.mensa-copy.de\/index.php?rest_route=\/wp\/v2\/pages\/33\/revisions"}],"predecessor-version":[{"id":895,"href":"http:\/\/neuewebsite.mensa-copy.de\/index.php?rest_route=\/wp\/v2\/pages\/33\/revisions\/895"}],"wp:attachment":[{"href":"http:\/\/neuewebsite.mensa-copy.de\/index.php?rest_route=%2Fwp%2Fv2%2Fmedia&parent=33"}],"curies":[{"name":"wp","href":"https:\/\/api.w.org\/{rel}","templated":true}]}}