{"id":30,"date":"2020-04-01T14:09:04","date_gmt":"2020-04-01T14:09:04","guid":{"rendered":"http:\/\/neuewebsite.mensa-copy.de\/?page_id=30"},"modified":"2025-03-19T12:17:41","modified_gmt":"2025-03-19T12:17:41","slug":"abschlussarbeiten","status":"publish","type":"page","link":"http:\/\/neuewebsite.mensa-copy.de\/?page_id=30","title":{"rendered":"Abschlussarbeiten"},"content":{"rendered":"\n<p><\/p>\n\n\n\n<p>F\u00fcr <strong>Bachelor- und Masterarbeiten, Dissertationen<\/strong> und andere\nAbschlussarbeiten bieten wir Euch unsere <strong>Rund-um-sorglos-Service<\/strong>\nan:<\/p>\n\n\n\n<p>&#8211; <strong>hochwertiger\nDruck<\/strong> in Farbe und s\/w einseitig oder doppelseitig<\/p>\n\n\n\n<p>&#8211; verschiedene Papiersorten von 80g\nbis <strong>100g-Premiumpapier<\/strong><\/p>\n\n\n\n<p>&#8211; grosse Auswahl an Buchdeckeln<\/p>\n\n\n\n<p>&#8211; <strong>Express-Service<\/strong>: bei 3 Exemplaren bis 100 Seiten ist Eure Arbeit mit Softcoverbindung <strong>in 45 Minuten fertig<\/strong><\/p>\n\n\n\n<p>&#8211; <strong>Brennen <\/strong>von DVD\u00b4s oder CD\u00b4s mit passenden Klebeh\u00fcllen<\/p>\n\n\n\n<p><strong>Sie k\u00f6nnen uns den Autrag f\u00fcr Ihre Abschlussarbeiten auch gerne per Mail schicken und einen Termin f\u00fcr die Abholung vereinbaren.<\/strong><\/p>\n\n\n\n<p><strong><em>Bitte verwenden Sie hierf\u00fcr das nachstehende PDF-Dokument:<\/em><\/strong><\/p>\n\n\n\n<p class=\"has-text-align-center\"><a href=\"http:\/\/neuewebsite.mensa-copy.de\/wp-content\/uploads\/2025\/03\/Bestellung-Abschlussarbeiten.pdf\">Bestellung Abschlussarbeiten<\/a><\/p>\n\n\n\n<p class=\"has-text-align-center\"><a href=\"http:\/\/neuewebsite.mensa-copy.de\/wp-content\/uploads\/2025\/03\/orderform-for-a-thesis.pdf\">orderform for a thesis<\/a><\/p>\n\n\n\n<ul><\/ul>\n\n\n\n<p><\/p>\n\n\n\n<p class=\"has-medium-font-size\"><strong>Wichtiger Hinweis:<\/strong><\/p>\n\n\n\n<p>Bitte bringen Sie Ihre Dateien im <strong>PDF-Format<\/strong> mit, da es bei Word- oder LibreOfficedateien zu Problemen wie Seitenverschiebungen und nicht korrekten Darstellungen kommen kann.<\/p>\n\n\n\n<p>Die Anlieferung mehrerer Dateien f\u00fcr\neine Arbeit ist kein Problem, da wir diese mit unserer Software zusammenfassen\nk\u00f6nnen<\/p>\n\n\n\n<p>Wenn Sie lieber <strong>Hardcoverbindungen<\/strong> m\u00f6chtet, K\u00f6nnen Sie bei Abgabe des Auftrages vor 11 Uhr Ihre Exemplare noch am selben Tag bei uns abholen.<\/p>\n\n\n\n<p>N\u00e4here Informationen zu den Bindearten finden Sie unter den <strong>&nbsp;\u201eBindungen\u201c<\/strong> auf unserer Startseite.<\/p>\n\n\n\n<p class=\"has-text-align-center has-medium-font-size\">Unsere <strong><em>Preisliste f\u00fcr Abschlussarbeiten<\/em><\/strong> finden Sie hier.<\/p>\n\n\n\n<p><a href=\"http:\/\/neuewebsite.mensa-copy.de\/wp-content\/uploads\/2024\/08\/Preisliste-Abschlussarbeiten-2023.pdf\">Preise Abschlussarbeiten<\/a><\/p>\n\n\n<div class=\"wp-block-image\">\n<figure class=\"aligncenter is-resized\"><img decoding=\"async\" loading=\"lazy\" width=\"1024\" height=\"582\" src=\"http:\/\/neuewebsite.mensa-copy.de\/wp-content\/uploads\/2020\/04\/klebebindung-1024x582.jpg\" alt=\"\" class=\"wp-image-31\" style=\"width:692px;height:393px\" srcset=\"http:\/\/neuewebsite.mensa-copy.de\/wp-content\/uploads\/2020\/04\/klebebindung-1024x582.jpg 1024w, http:\/\/neuewebsite.mensa-copy.de\/wp-content\/uploads\/2020\/04\/klebebindung-300x171.jpg 300w, http:\/\/neuewebsite.mensa-copy.de\/wp-content\/uploads\/2020\/04\/klebebindung-768x437.jpg 768w\" sizes=\"(max-width: 1024px) 100vw, 1024px\" \/><\/figure><\/div>","protected":false},"excerpt":{"rendered":"<p>F\u00fcr Bachelor- und Masterarbeiten, Dissertationen und andere Abschlussarbeiten bieten wir Euch unsere Rund-um-sorglos-Service an: &#8211; hochwertiger Druck in Farbe und s\/w einseitig oder doppelseitig &#8211; verschiedene Papiersorten von 80g bis 100g-Premiumpapier &#8211; grosse Auswahl an Buchdeckeln &#8211; Express-Service: bei 3 Exemplaren bis 100 Seiten ist Eure Arbeit mit Softcoverbindung in 45 Minuten fertig &#8211; Brennen <a class=\"read-more\" href=\"http:\/\/neuewebsite.mensa-copy.de\/?page_id=30\">READ MORE<\/a><\/p>\n","protected":false},"author":1,"featured_media":0,"parent":0,"menu_order":4,"comment_status":"closed","ping_status":"closed","template":"","meta":{"footnotes":""},"yoast_head":"<!-- This site is optimized with the Yoast SEO plugin v21.2 - https:\/\/yoast.com\/wordpress\/plugins\/seo\/ -->\n<title>Abschlussarbeiten - Mensa-Copy<\/title>\n<meta name=\"robots\" content=\"index, follow, max-snippet:-1, max-image-preview:large, max-video-preview:-1\" \/>\n<link rel=\"canonical\" href=\"http:\/\/neuewebsite.mensa-copy.de\/?page_id=30\" \/>\n<meta property=\"og:locale\" content=\"de_DE\" \/>\n<meta property=\"og:type\" content=\"article\" \/>\n<meta property=\"og:title\" content=\"Abschlussarbeiten - Mensa-Copy\" \/>\n<meta property=\"og:description\" content=\"F\u00fcr Bachelor- und Masterarbeiten, Dissertationen und andere Abschlussarbeiten bieten wir Euch unsere Rund-um-sorglos-Service an: &#8211; hochwertiger Druck in Farbe und s\/w einseitig oder doppelseitig &#8211; verschiedene Papiersorten von 80g bis 100g-Premiumpapier &#8211; grosse Auswahl an Buchdeckeln &#8211; Express-Service: bei 3 Exemplaren bis 100 Seiten ist Eure Arbeit mit Softcoverbindung in 45 Minuten fertig &#8211; Brennen READ MORE\" \/>\n<meta property=\"og:url\" content=\"http:\/\/neuewebsite.mensa-copy.de\/?page_id=30\" \/>\n<meta property=\"og:site_name\" content=\"Mensa-Copy\" \/>\n<meta property=\"article:modified_time\" content=\"2025-03-19T12:17:41+00:00\" \/>\n<meta property=\"og:image\" content=\"http:\/\/neuewebsite.mensa-copy.de\/wp-content\/uploads\/2020\/04\/klebebindung-1024x582.jpg\" \/>\n<meta name=\"twitter:card\" content=\"summary_large_image\" \/>\n<meta name=\"twitter:label1\" content=\"Gesch\u00e4tzte Lesezeit\" \/>\n\t<meta name=\"twitter:data1\" content=\"2\u00a0Minuten\" \/>\n<script type=\"application\/ld+json\" class=\"yoast-schema-graph\">{\"@context\":\"https:\/\/schema.org\",\"@graph\":[{\"@type\":\"WebPage\",\"@id\":\"http:\/\/neuewebsite.mensa-copy.de\/?page_id=30\",\"url\":\"http:\/\/neuewebsite.mensa-copy.de\/?page_id=30\",\"name\":\"Abschlussarbeiten - Mensa-Copy\",\"isPartOf\":{\"@id\":\"http:\/\/neuewebsite.mensa-copy.de\/#website\"},\"datePublished\":\"2020-04-01T14:09:04+00:00\",\"dateModified\":\"2025-03-19T12:17:41+00:00\",\"breadcrumb\":{\"@id\":\"http:\/\/neuewebsite.mensa-copy.de\/?page_id=30#breadcrumb\"},\"inLanguage\":\"de\",\"potentialAction\":[{\"@type\":\"ReadAction\",\"target\":[\"http:\/\/neuewebsite.mensa-copy.de\/?page_id=30\"]}]},{\"@type\":\"BreadcrumbList\",\"@id\":\"http:\/\/neuewebsite.mensa-copy.de\/?page_id=30#breadcrumb\",\"itemListElement\":[{\"@type\":\"ListItem\",\"position\":1,\"name\":\"Startseite\",\"item\":\"http:\/\/neuewebsite.mensa-copy.de\/\"},{\"@type\":\"ListItem\",\"position\":2,\"name\":\"Abschlussarbeiten\"}]},{\"@type\":\"WebSite\",\"@id\":\"http:\/\/neuewebsite.mensa-copy.de\/#website\",\"url\":\"http:\/\/neuewebsite.mensa-copy.de\/\",\"name\":\"Mensa-Copy\",\"description\":\"- der freundliche Copyshop mit dem umfassenden Dienstleistungsangebot -\",\"potentialAction\":[{\"@type\":\"SearchAction\",\"target\":{\"@type\":\"EntryPoint\",\"urlTemplate\":\"http:\/\/neuewebsite.mensa-copy.de\/?s={search_term_string}\"},\"query-input\":\"required name=search_term_string\"}],\"inLanguage\":\"de\"}]}<\/script>\n<!-- \/ Yoast SEO plugin. -->","yoast_head_json":{"title":"Abschlussarbeiten - Mensa-Copy","robots":{"index":"index","follow":"follow","max-snippet":"max-snippet:-1","max-image-preview":"max-image-preview:large","max-video-preview":"max-video-preview:-1"},"canonical":"http:\/\/neuewebsite.mensa-copy.de\/?page_id=30","og_locale":"de_DE","og_type":"article","og_title":"Abschlussarbeiten - Mensa-Copy","og_description":"F\u00fcr Bachelor- und Masterarbeiten, Dissertationen und andere Abschlussarbeiten bieten wir Euch unsere Rund-um-sorglos-Service an: &#8211; hochwertiger Druck in Farbe und s\/w einseitig oder doppelseitig &#8211; verschiedene Papiersorten von 80g bis 100g-Premiumpapier &#8211; grosse Auswahl an Buchdeckeln &#8211; Express-Service: bei 3 Exemplaren bis 100 Seiten ist Eure Arbeit mit Softcoverbindung in 45 Minuten fertig &#8211; Brennen READ MORE","og_url":"http:\/\/neuewebsite.mensa-copy.de\/?page_id=30","og_site_name":"Mensa-Copy","article_modified_time":"2025-03-19T12:17:41+00:00","og_image":[{"url":"http:\/\/neuewebsite.mensa-copy.de\/wp-content\/uploads\/2020\/04\/klebebindung-1024x582.jpg"}],"twitter_card":"summary_large_image","twitter_misc":{"Gesch\u00e4tzte Lesezeit":"2\u00a0Minuten"},"schema":{"@context":"https:\/\/schema.org","@graph":[{"@type":"WebPage","@id":"http:\/\/neuewebsite.mensa-copy.de\/?page_id=30","url":"http:\/\/neuewebsite.mensa-copy.de\/?page_id=30","name":"Abschlussarbeiten - Mensa-Copy","isPartOf":{"@id":"http:\/\/neuewebsite.mensa-copy.de\/#website"},"datePublished":"2020-04-01T14:09:04+00:00","dateModified":"2025-03-19T12:17:41+00:00","breadcrumb":{"@id":"http:\/\/neuewebsite.mensa-copy.de\/?page_id=30#breadcrumb"},"inLanguage":"de","potentialAction":[{"@type":"ReadAction","target":["http:\/\/neuewebsite.mensa-copy.de\/?page_id=30"]}]},{"@type":"BreadcrumbList","@id":"http:\/\/neuewebsite.mensa-copy.de\/?page_id=30#breadcrumb","itemListElement":[{"@type":"ListItem","position":1,"name":"Startseite","item":"http:\/\/neuewebsite.mensa-copy.de\/"},{"@type":"ListItem","position":2,"name":"Abschlussarbeiten"}]},{"@type":"WebSite","@id":"http:\/\/neuewebsite.mensa-copy.de\/#website","url":"http:\/\/neuewebsite.mensa-copy.de\/","name":"Mensa-Copy","description":"- der freundliche Copyshop mit dem umfassenden Dienstleistungsangebot -","potentialAction":[{"@type":"SearchAction","target":{"@type":"EntryPoint","urlTemplate":"http:\/\/neuewebsite.mensa-copy.de\/?s={search_term_string}"},"query-input":"required name=search_term_string"}],"inLanguage":"de"}]}},"_links":{"self":[{"href":"http:\/\/neuewebsite.mensa-copy.de\/index.php?rest_route=\/wp\/v2\/pages\/30"}],"collection":[{"href":"http:\/\/neuewebsite.mensa-copy.de\/index.php?rest_route=\/wp\/v2\/pages"}],"about":[{"href":"http:\/\/neuewebsite.mensa-copy.de\/index.php?rest_route=\/wp\/v2\/types\/page"}],"author":[{"embeddable":true,"href":"http:\/\/neuewebsite.mensa-copy.de\/index.php?rest_route=\/wp\/v2\/users\/1"}],"replies":[{"embeddable":true,"href":"http:\/\/neuewebsite.mensa-copy.de\/index.php?rest_route=%2Fwp%2Fv2%2Fcomments&post=30"}],"version-history":[{"count":41,"href":"http:\/\/neuewebsite.mensa-copy.de\/index.php?rest_route=\/wp\/v2\/pages\/30\/revisions"}],"predecessor-version":[{"id":1173,"href":"http:\/\/neuewebsite.mensa-copy.de\/index.php?rest_route=\/wp\/v2\/pages\/30\/revisions\/1173"}],"wp:attachment":[{"href":"http:\/\/neuewebsite.mensa-copy.de\/index.php?rest_route=%2Fwp%2Fv2%2Fmedia&parent=30"}],"curies":[{"name":"wp","href":"https:\/\/api.w.org\/{rel}","templated":true}]}}