{"id":26,"date":"2020-04-01T13:44:51","date_gmt":"2020-04-01T13:44:51","guid":{"rendered":"http:\/\/neuewebsite.mensa-copy.de\/?page_id=26"},"modified":"2020-11-02T17:39:23","modified_gmt":"2020-11-02T17:39:23","slug":"digitalisierung","status":"publish","type":"page","link":"http:\/\/neuewebsite.mensa-copy.de\/?page_id=26","title":{"rendered":"Digitalisierung"},"content":{"rendered":"\n<p><strong>Dokumente und Akten<\/strong> verursachen bei vielen Firmen und Privatleuten <strong>Kosten- und Platzprobleme.<\/strong><\/p>\n\n\n\n<p>Die Digitalisierung Ihrer Papiere kann\ndiese Probleme l\u00f6sen, sofern Sie Ihre Dokumente nicht mehr im Original\nben\u00f6tigen, jedoch jederzeit darauf Zugriff haben wollen oder diese bei Bedarf\nnachdrucken m\u00f6chten.<\/p>\n\n\n\n<p><strong>Maximaler Datenschutz und Datensicherung<\/strong> stehen bei unserem Scanservice und Dokumentenmanagement an erster Stelle.<\/p>\n\n\n\n<p><\/p>\n\n\n\n<p>Mit unseren Ger\u00e4ten sind wir in der Lage Dokumente <strong>bis zu einer Gr\u00f6sse von DIN A3<\/strong>  mit bis zu 95 Seiten\/min einzuscannen.<\/p>\n\n\n\n<p>Anschlie\u00dfend erhalten Sie Ihre Daten von uns in g\u00e4ngigen <strong>Dateiformaten<\/strong> wie pdf, jpeg, tiff usw.<\/p>\n\n\n\n<p><\/p>\n\n\n\n<p>Die Preise f\u00fcr die Digitalisierung sind vom jeweiligen Umfang der Auftr\u00e4ge abh\u00e4ngig.<\/p>\n\n\n\n<p>Gerne erstellen wir Ihnen nach Sichtung der Originale ein <strong>individuelles Angebo<\/strong>t.<\/p>\n\n\n\n<p><\/p>\n\n\n\n<p>Sollten Sie alternativ L\u00f6sungen f\u00fcr die <strong>Lagerung Ihrer Akten und Dokumenten<\/strong> ben\u00f6tigen, helfen wir Ihnen gerne auch hierbei <\/p>\n\n\n\n<p class=\"has-medium-font-size\">&nbsp;<a href=\"http:\/\/www.morsch-gmbh.de\">www.morsch-gmbh.de<\/a><\/p>\n","protected":false},"excerpt":{"rendered":"<p>Dokumente und Akten verursachen bei vielen Firmen und Privatleuten Kosten- und Platzprobleme. Die Digitalisierung Ihrer Papiere kann diese Probleme l\u00f6sen, sofern Sie Ihre Dokumente nicht mehr im Original ben\u00f6tigen, jedoch jederzeit darauf Zugriff haben wollen oder diese bei Bedarf nachdrucken m\u00f6chten. Maximaler Datenschutz und Datensicherung stehen bei unserem Scanservice und Dokumentenmanagement an erster Stelle. Mit <a class=\"read-more\" href=\"http:\/\/neuewebsite.mensa-copy.de\/?page_id=26\">READ MORE<\/a><\/p>\n","protected":false},"author":1,"featured_media":0,"parent":0,"menu_order":3,"comment_status":"closed","ping_status":"closed","template":"","meta":{"footnotes":""},"yoast_head":"<!-- This site is optimized with the Yoast SEO plugin v21.2 - https:\/\/yoast.com\/wordpress\/plugins\/seo\/ -->\n<title>Digitalisierung - Mensa-Copy<\/title>\n<meta name=\"robots\" content=\"index, follow, max-snippet:-1, max-image-preview:large, max-video-preview:-1\" \/>\n<link rel=\"canonical\" href=\"http:\/\/neuewebsite.mensa-copy.de\/?page_id=26\" \/>\n<meta property=\"og:locale\" content=\"de_DE\" \/>\n<meta property=\"og:type\" content=\"article\" \/>\n<meta property=\"og:title\" content=\"Digitalisierung - Mensa-Copy\" \/>\n<meta property=\"og:description\" content=\"Dokumente und Akten verursachen bei vielen Firmen und Privatleuten Kosten- und Platzprobleme. Die Digitalisierung Ihrer Papiere kann diese Probleme l\u00f6sen, sofern Sie Ihre Dokumente nicht mehr im Original ben\u00f6tigen, jedoch jederzeit darauf Zugriff haben wollen oder diese bei Bedarf nachdrucken m\u00f6chten. Maximaler Datenschutz und Datensicherung stehen bei unserem Scanservice und Dokumentenmanagement an erster Stelle. Mit READ MORE\" \/>\n<meta property=\"og:url\" content=\"http:\/\/neuewebsite.mensa-copy.de\/?page_id=26\" \/>\n<meta property=\"og:site_name\" content=\"Mensa-Copy\" \/>\n<meta property=\"article:modified_time\" content=\"2020-11-02T17:39:23+00:00\" \/>\n<meta name=\"twitter:card\" content=\"summary_large_image\" \/>\n<meta name=\"twitter:label1\" content=\"Gesch\u00e4tzte Lesezeit\" \/>\n\t<meta name=\"twitter:data1\" content=\"1\u00a0Minute\" \/>\n<script type=\"application\/ld+json\" class=\"yoast-schema-graph\">{\"@context\":\"https:\/\/schema.org\",\"@graph\":[{\"@type\":\"WebPage\",\"@id\":\"http:\/\/neuewebsite.mensa-copy.de\/?page_id=26\",\"url\":\"http:\/\/neuewebsite.mensa-copy.de\/?page_id=26\",\"name\":\"Digitalisierung - Mensa-Copy\",\"isPartOf\":{\"@id\":\"http:\/\/neuewebsite.mensa-copy.de\/#website\"},\"datePublished\":\"2020-04-01T13:44:51+00:00\",\"dateModified\":\"2020-11-02T17:39:23+00:00\",\"breadcrumb\":{\"@id\":\"http:\/\/neuewebsite.mensa-copy.de\/?page_id=26#breadcrumb\"},\"inLanguage\":\"de\",\"potentialAction\":[{\"@type\":\"ReadAction\",\"target\":[\"http:\/\/neuewebsite.mensa-copy.de\/?page_id=26\"]}]},{\"@type\":\"BreadcrumbList\",\"@id\":\"http:\/\/neuewebsite.mensa-copy.de\/?page_id=26#breadcrumb\",\"itemListElement\":[{\"@type\":\"ListItem\",\"position\":1,\"name\":\"Startseite\",\"item\":\"http:\/\/neuewebsite.mensa-copy.de\/\"},{\"@type\":\"ListItem\",\"position\":2,\"name\":\"Digitalisierung\"}]},{\"@type\":\"WebSite\",\"@id\":\"http:\/\/neuewebsite.mensa-copy.de\/#website\",\"url\":\"http:\/\/neuewebsite.mensa-copy.de\/\",\"name\":\"Mensa-Copy\",\"description\":\"- der freundliche Copyshop mit dem umfassenden Dienstleistungsangebot -\",\"potentialAction\":[{\"@type\":\"SearchAction\",\"target\":{\"@type\":\"EntryPoint\",\"urlTemplate\":\"http:\/\/neuewebsite.mensa-copy.de\/?s={search_term_string}\"},\"query-input\":\"required name=search_term_string\"}],\"inLanguage\":\"de\"}]}<\/script>\n<!-- \/ Yoast SEO plugin. -->","yoast_head_json":{"title":"Digitalisierung - Mensa-Copy","robots":{"index":"index","follow":"follow","max-snippet":"max-snippet:-1","max-image-preview":"max-image-preview:large","max-video-preview":"max-video-preview:-1"},"canonical":"http:\/\/neuewebsite.mensa-copy.de\/?page_id=26","og_locale":"de_DE","og_type":"article","og_title":"Digitalisierung - Mensa-Copy","og_description":"Dokumente und Akten verursachen bei vielen Firmen und Privatleuten Kosten- und Platzprobleme. Die Digitalisierung Ihrer Papiere kann diese Probleme l\u00f6sen, sofern Sie Ihre Dokumente nicht mehr im Original ben\u00f6tigen, jedoch jederzeit darauf Zugriff haben wollen oder diese bei Bedarf nachdrucken m\u00f6chten. Maximaler Datenschutz und Datensicherung stehen bei unserem Scanservice und Dokumentenmanagement an erster Stelle. Mit READ MORE","og_url":"http:\/\/neuewebsite.mensa-copy.de\/?page_id=26","og_site_name":"Mensa-Copy","article_modified_time":"2020-11-02T17:39:23+00:00","twitter_card":"summary_large_image","twitter_misc":{"Gesch\u00e4tzte Lesezeit":"1\u00a0Minute"},"schema":{"@context":"https:\/\/schema.org","@graph":[{"@type":"WebPage","@id":"http:\/\/neuewebsite.mensa-copy.de\/?page_id=26","url":"http:\/\/neuewebsite.mensa-copy.de\/?page_id=26","name":"Digitalisierung - Mensa-Copy","isPartOf":{"@id":"http:\/\/neuewebsite.mensa-copy.de\/#website"},"datePublished":"2020-04-01T13:44:51+00:00","dateModified":"2020-11-02T17:39:23+00:00","breadcrumb":{"@id":"http:\/\/neuewebsite.mensa-copy.de\/?page_id=26#breadcrumb"},"inLanguage":"de","potentialAction":[{"@type":"ReadAction","target":["http:\/\/neuewebsite.mensa-copy.de\/?page_id=26"]}]},{"@type":"BreadcrumbList","@id":"http:\/\/neuewebsite.mensa-copy.de\/?page_id=26#breadcrumb","itemListElement":[{"@type":"ListItem","position":1,"name":"Startseite","item":"http:\/\/neuewebsite.mensa-copy.de\/"},{"@type":"ListItem","position":2,"name":"Digitalisierung"}]},{"@type":"WebSite","@id":"http:\/\/neuewebsite.mensa-copy.de\/#website","url":"http:\/\/neuewebsite.mensa-copy.de\/","name":"Mensa-Copy","description":"- der freundliche Copyshop mit dem umfassenden Dienstleistungsangebot -","potentialAction":[{"@type":"SearchAction","target":{"@type":"EntryPoint","urlTemplate":"http:\/\/neuewebsite.mensa-copy.de\/?s={search_term_string}"},"query-input":"required name=search_term_string"}],"inLanguage":"de"}]}},"_links":{"self":[{"href":"http:\/\/neuewebsite.mensa-copy.de\/index.php?rest_route=\/wp\/v2\/pages\/26"}],"collection":[{"href":"http:\/\/neuewebsite.mensa-copy.de\/index.php?rest_route=\/wp\/v2\/pages"}],"about":[{"href":"http:\/\/neuewebsite.mensa-copy.de\/index.php?rest_route=\/wp\/v2\/types\/page"}],"author":[{"embeddable":true,"href":"http:\/\/neuewebsite.mensa-copy.de\/index.php?rest_route=\/wp\/v2\/users\/1"}],"replies":[{"embeddable":true,"href":"http:\/\/neuewebsite.mensa-copy.de\/index.php?rest_route=%2Fwp%2Fv2%2Fcomments&post=26"}],"version-history":[{"count":2,"href":"http:\/\/neuewebsite.mensa-copy.de\/index.php?rest_route=\/wp\/v2\/pages\/26\/revisions"}],"predecessor-version":[{"id":294,"href":"http:\/\/neuewebsite.mensa-copy.de\/index.php?rest_route=\/wp\/v2\/pages\/26\/revisions\/294"}],"wp:attachment":[{"href":"http:\/\/neuewebsite.mensa-copy.de\/index.php?rest_route=%2Fwp%2Fv2%2Fmedia&parent=26"}],"curies":[{"name":"wp","href":"https:\/\/api.w.org\/{rel}","templated":true}]}}