{"id":142,"date":"2020-04-17T14:05:47","date_gmt":"2020-04-17T14:05:47","guid":{"rendered":"http:\/\/neuewebsite.mensa-copy.de\/?page_id=142"},"modified":"2023-08-20T14:06:47","modified_gmt":"2023-08-20T14:06:47","slug":"oeffnungszeiten","status":"publish","type":"page","link":"http:\/\/neuewebsite.mensa-copy.de\/?page_id=142","title":{"rendered":"\u00d6ffnungszeiten"},"content":{"rendered":"\n<p><\/p>\n\n\n\n<p class=\"has-text-align-center has-large-font-size\"><strong>Unsere \u00d6ffnungszeiten<\/strong><\/p>\n\n\n\n<p class=\"has-text-align-center has-medium-font-size\"><strong>g\u00fcltig ab dem 01.03.2023<\/strong><\/p>\n\n\n\n<p class=\"has-text-align-center has-large-font-size\"><strong>Montags &#8211; Donnerstags<\/strong><\/p>\n\n\n\n<p class=\"has-text-align-center has-large-font-size\"><strong>von 09<sup>00<\/sup> bis 17<sup>00<\/sup> Uhr<\/strong><\/p>\n\n\n\n<p class=\"has-text-align-center has-large-font-size\"><strong>Freitags<\/strong><\/p>\n\n\n\n<p class=\"has-text-align-center has-large-font-size\"><strong>von 09<sup>00<\/sup> bis 16<sup>00<\/sup> Uhr<\/strong><\/p>\n\n\n\n<p><\/p>\n\n\n\n<p class=\"has-medium-font-size\"><strong>F\u00fcr Abschlussarbeiten oder eilige Druckauftr\u00e4ge stehen wir\nIhnen selbstverst\u00e4ndlich nach Termin-absprache auch au\u00dferhalb der \u00d6ffnungszeiten\nzur Verf\u00fcgung!!!<\/strong><\/p>\n\n\n\n<p class=\"has-text-align-center has-medium-font-size\"><strong>In dringenden F\u00e4llen erreichen Sie uns auch au\u00dferhalb der\n\u00d6ffnungszeiten unter 0173\/9472993 oder 0177\/6612191.<\/strong><\/p>\n","protected":false},"excerpt":{"rendered":"<p>Unsere \u00d6ffnungszeiten g\u00fcltig ab dem 01.03.2023 Montags &#8211; Donnerstags von 0900 bis 1700 Uhr Freitags von 0900 bis 1600 Uhr F\u00fcr Abschlussarbeiten oder eilige Druckauftr\u00e4ge stehen wir Ihnen selbstverst\u00e4ndlich nach Termin-absprache auch au\u00dferhalb der \u00d6ffnungszeiten zur Verf\u00fcgung!!! In dringenden F\u00e4llen erreichen Sie uns auch au\u00dferhalb der \u00d6ffnungszeiten unter 0173\/9472993 oder 0177\/6612191.<\/p>\n","protected":false},"author":1,"featured_media":0,"parent":0,"menu_order":0,"comment_status":"closed","ping_status":"closed","template":"","meta":{"footnotes":""},"yoast_head":"<!-- This site is optimized with the Yoast SEO plugin v21.2 - https:\/\/yoast.com\/wordpress\/plugins\/seo\/ -->\n<title>\u00d6ffnungszeiten - Mensa-Copy<\/title>\n<meta name=\"robots\" content=\"index, follow, max-snippet:-1, max-image-preview:large, max-video-preview:-1\" \/>\n<link rel=\"canonical\" href=\"http:\/\/neuewebsite.mensa-copy.de\/?page_id=142\" \/>\n<meta property=\"og:locale\" content=\"de_DE\" \/>\n<meta property=\"og:type\" content=\"article\" \/>\n<meta property=\"og:title\" content=\"\u00d6ffnungszeiten - Mensa-Copy\" \/>\n<meta property=\"og:description\" content=\"Unsere \u00d6ffnungszeiten g\u00fcltig ab dem 01.03.2023 Montags &#8211; Donnerstags von 0900 bis 1700 Uhr Freitags von 0900 bis 1600 Uhr F\u00fcr Abschlussarbeiten oder eilige Druckauftr\u00e4ge stehen wir Ihnen selbstverst\u00e4ndlich nach Termin-absprache auch au\u00dferhalb der \u00d6ffnungszeiten zur Verf\u00fcgung!!! In dringenden F\u00e4llen erreichen Sie uns auch au\u00dferhalb der \u00d6ffnungszeiten unter 0173\/9472993 oder 0177\/6612191.\" \/>\n<meta property=\"og:url\" content=\"http:\/\/neuewebsite.mensa-copy.de\/?page_id=142\" \/>\n<meta property=\"og:site_name\" content=\"Mensa-Copy\" \/>\n<meta property=\"article:modified_time\" content=\"2023-08-20T14:06:47+00:00\" \/>\n<meta name=\"twitter:card\" content=\"summary_large_image\" \/>\n<meta name=\"twitter:label1\" content=\"Gesch\u00e4tzte Lesezeit\" \/>\n\t<meta name=\"twitter:data1\" content=\"1\u00a0Minute\" \/>\n<script type=\"application\/ld+json\" class=\"yoast-schema-graph\">{\"@context\":\"https:\/\/schema.org\",\"@graph\":[{\"@type\":\"WebPage\",\"@id\":\"http:\/\/neuewebsite.mensa-copy.de\/?page_id=142\",\"url\":\"http:\/\/neuewebsite.mensa-copy.de\/?page_id=142\",\"name\":\"\u00d6ffnungszeiten - Mensa-Copy\",\"isPartOf\":{\"@id\":\"http:\/\/neuewebsite.mensa-copy.de\/#website\"},\"datePublished\":\"2020-04-17T14:05:47+00:00\",\"dateModified\":\"2023-08-20T14:06:47+00:00\",\"breadcrumb\":{\"@id\":\"http:\/\/neuewebsite.mensa-copy.de\/?page_id=142#breadcrumb\"},\"inLanguage\":\"de\",\"potentialAction\":[{\"@type\":\"ReadAction\",\"target\":[\"http:\/\/neuewebsite.mensa-copy.de\/?page_id=142\"]}]},{\"@type\":\"BreadcrumbList\",\"@id\":\"http:\/\/neuewebsite.mensa-copy.de\/?page_id=142#breadcrumb\",\"itemListElement\":[{\"@type\":\"ListItem\",\"position\":1,\"name\":\"Startseite\",\"item\":\"http:\/\/neuewebsite.mensa-copy.de\/\"},{\"@type\":\"ListItem\",\"position\":2,\"name\":\"\u00d6ffnungszeiten\"}]},{\"@type\":\"WebSite\",\"@id\":\"http:\/\/neuewebsite.mensa-copy.de\/#website\",\"url\":\"http:\/\/neuewebsite.mensa-copy.de\/\",\"name\":\"Mensa-Copy\",\"description\":\"- der freundliche Copyshop mit dem umfassenden Dienstleistungsangebot -\",\"potentialAction\":[{\"@type\":\"SearchAction\",\"target\":{\"@type\":\"EntryPoint\",\"urlTemplate\":\"http:\/\/neuewebsite.mensa-copy.de\/?s={search_term_string}\"},\"query-input\":\"required name=search_term_string\"}],\"inLanguage\":\"de\"}]}<\/script>\n<!-- \/ Yoast SEO plugin. -->","yoast_head_json":{"title":"\u00d6ffnungszeiten - Mensa-Copy","robots":{"index":"index","follow":"follow","max-snippet":"max-snippet:-1","max-image-preview":"max-image-preview:large","max-video-preview":"max-video-preview:-1"},"canonical":"http:\/\/neuewebsite.mensa-copy.de\/?page_id=142","og_locale":"de_DE","og_type":"article","og_title":"\u00d6ffnungszeiten - Mensa-Copy","og_description":"Unsere \u00d6ffnungszeiten g\u00fcltig ab dem 01.03.2023 Montags &#8211; Donnerstags von 0900 bis 1700 Uhr Freitags von 0900 bis 1600 Uhr F\u00fcr Abschlussarbeiten oder eilige Druckauftr\u00e4ge stehen wir Ihnen selbstverst\u00e4ndlich nach Termin-absprache auch au\u00dferhalb der \u00d6ffnungszeiten zur Verf\u00fcgung!!! In dringenden F\u00e4llen erreichen Sie uns auch au\u00dferhalb der \u00d6ffnungszeiten unter 0173\/9472993 oder 0177\/6612191.","og_url":"http:\/\/neuewebsite.mensa-copy.de\/?page_id=142","og_site_name":"Mensa-Copy","article_modified_time":"2023-08-20T14:06:47+00:00","twitter_card":"summary_large_image","twitter_misc":{"Gesch\u00e4tzte Lesezeit":"1\u00a0Minute"},"schema":{"@context":"https:\/\/schema.org","@graph":[{"@type":"WebPage","@id":"http:\/\/neuewebsite.mensa-copy.de\/?page_id=142","url":"http:\/\/neuewebsite.mensa-copy.de\/?page_id=142","name":"\u00d6ffnungszeiten - Mensa-Copy","isPartOf":{"@id":"http:\/\/neuewebsite.mensa-copy.de\/#website"},"datePublished":"2020-04-17T14:05:47+00:00","dateModified":"2023-08-20T14:06:47+00:00","breadcrumb":{"@id":"http:\/\/neuewebsite.mensa-copy.de\/?page_id=142#breadcrumb"},"inLanguage":"de","potentialAction":[{"@type":"ReadAction","target":["http:\/\/neuewebsite.mensa-copy.de\/?page_id=142"]}]},{"@type":"BreadcrumbList","@id":"http:\/\/neuewebsite.mensa-copy.de\/?page_id=142#breadcrumb","itemListElement":[{"@type":"ListItem","position":1,"name":"Startseite","item":"http:\/\/neuewebsite.mensa-copy.de\/"},{"@type":"ListItem","position":2,"name":"\u00d6ffnungszeiten"}]},{"@type":"WebSite","@id":"http:\/\/neuewebsite.mensa-copy.de\/#website","url":"http:\/\/neuewebsite.mensa-copy.de\/","name":"Mensa-Copy","description":"- der freundliche Copyshop mit dem umfassenden Dienstleistungsangebot -","potentialAction":[{"@type":"SearchAction","target":{"@type":"EntryPoint","urlTemplate":"http:\/\/neuewebsite.mensa-copy.de\/?s={search_term_string}"},"query-input":"required name=search_term_string"}],"inLanguage":"de"}]}},"_links":{"self":[{"href":"http:\/\/neuewebsite.mensa-copy.de\/index.php?rest_route=\/wp\/v2\/pages\/142"}],"collection":[{"href":"http:\/\/neuewebsite.mensa-copy.de\/index.php?rest_route=\/wp\/v2\/pages"}],"about":[{"href":"http:\/\/neuewebsite.mensa-copy.de\/index.php?rest_route=\/wp\/v2\/types\/page"}],"author":[{"embeddable":true,"href":"http:\/\/neuewebsite.mensa-copy.de\/index.php?rest_route=\/wp\/v2\/users\/1"}],"replies":[{"embeddable":true,"href":"http:\/\/neuewebsite.mensa-copy.de\/index.php?rest_route=%2Fwp%2Fv2%2Fcomments&post=142"}],"version-history":[{"count":22,"href":"http:\/\/neuewebsite.mensa-copy.de\/index.php?rest_route=\/wp\/v2\/pages\/142\/revisions"}],"predecessor-version":[{"id":985,"href":"http:\/\/neuewebsite.mensa-copy.de\/index.php?rest_route=\/wp\/v2\/pages\/142\/revisions\/985"}],"wp:attachment":[{"href":"http:\/\/neuewebsite.mensa-copy.de\/index.php?rest_route=%2Fwp%2Fv2%2Fmedia&parent=142"}],"curies":[{"name":"wp","href":"https:\/\/api.w.org\/{rel}","templated":true}]}}